{"id":739,"date":"2022-07-05T12:59:08","date_gmt":"2022-07-05T17:59:08","guid":{"rendered":"https:\/\/buggytourplaya.com\/?page_id=739"},"modified":"2022-12-19T12:33:37","modified_gmt":"2022-12-19T17:33:37","slug":"termes-et-conditions-atv-tour-playa-del-carmen","status":"publish","type":"page","link":"https:\/\/buggytourplaya.com\/fr\/termes-et-conditions-atv-tour-playa-del-carmen\/","title":{"rendered":"Termes et conditions"},"content":{"rendered":"<p>&nbsp;<\/p>\n<p><strong>POLITIQUE D&rsquo;ANNULATION<\/strong><\/p>\n<p>Avis d&rsquo;annulation minimum de 72 heures pour un remboursement complet. Avis de 48 heures pour un remboursement de 50 %.<br \/>\nAucun remboursement dans les 24 heures suivant l&rsquo;heure de la visite.<br \/>\nEn raison des frais pr\u00e9lev\u00e9s par les soci\u00e9t\u00e9s de traitement des cartes de cr\u00e9dit, des frais de remboursement de 10 USD s&rsquo;appliquent \u00e0 toutes les annulations.<\/p>\n<p><strong>REMARQUES ET RESTRICTIONS<\/strong><\/p>\n<p>Age minimum requis 5 ans<br \/>\nD\u00e9conseill\u00e9 aux femmes enceintes<br \/>\nCr\u00e8me solaire, insectifuge, chaussures ferm\u00e9es recommand\u00e9es<br \/>\nCette visite commence et se termine \u00e0 Playa del Carmen<br \/>\nLes serviettes<br \/>\nDe l&rsquo;argent pour acheter des souvenirs ou aider la communaut\u00e9 maya<br \/>\nAucun spectacle ne sera rembours\u00e9<br \/>\nV\u00e9rifiez votre e-mail et votre application pour conna\u00eetre votre heure de prise en charge 24 heures avant la date de la visite.<br \/>\nLes c\u00e9libataires ne sont pas autoris\u00e9s minimum 2 personnes par buggy 2 places<br \/>\nLes familles avec enfants sans permis de conduire auront nos poussettes familiales.<br \/>\nVisite guid\u00e9e en anglais et espagnol<br \/>\nMinimum de 6 personnes requises pour l&rsquo;exploitation<br \/>\nGroupes jusqu&rsquo;\u00e0 18 personnes maximum<br \/>\nPrise en charge \u00e0 l&rsquo;h\u00f4tel en aller-retour si situ\u00e9 dans notre zone de prise en charge gratuite<br \/>\nAssurance corps incluse<\/p>\n","protected":false},"excerpt":{"rendered":"<p>&nbsp; POLITIQUE D&rsquo;ANNULATION Avis d&rsquo;annulation minimum de 72 heures pour un remboursement complet. Avis de 48 heures pour un remboursement de 50 %. Aucun remboursement dans les 24 heures suivant l&rsquo;heure de la visite. En raison des frais pr\u00e9lev\u00e9s par les soci\u00e9t\u00e9s de traitement des cartes de cr\u00e9dit, des frais de remboursement de 10 USD [&hellip;]<\/p>\n","protected":false},"author":1,"featured_media":683,"parent":0,"menu_order":0,"comment_status":"closed","ping_status":"closed","template":"","meta":[],"yoast_head":"<!-- This site is optimized with the Yoast SEO plugin v19.13 - https:\/\/yoast.com\/wordpress\/plugins\/seo\/ -->\n<title>ATV Tour Playa del Carmen Buggy Tour Riviera Maya<\/title>\n<meta name=\"description\" content=\"The most authentic Buggy tour of the Riviera Maya! A mix of authenticity, adventure, culture and above all fun! Departure every day at 9am and 2pm from our base located in Playa del Carmen. You will leave with our guide for a 4 hours excursion in the jungle and will drive a buggy for more than 2 \u00bd hours.\" \/>\n<meta name=\"robots\" content=\"index, follow, max-snippet:-1, max-image-preview:large, max-video-preview:-1\" \/>\n<link rel=\"canonical\" href=\"https:\/\/buggytourplaya.com\/fr\/termes-et-conditions-atv-tour-playa-del-carmen\/\" \/>\n<meta property=\"og:locale\" content=\"fr_FR\" \/>\n<meta property=\"og:type\" content=\"article\" \/>\n<meta property=\"og:title\" content=\"ATV Tour Playa del Carmen Buggy Tour Riviera Maya\" \/>\n<meta property=\"og:description\" content=\"The most authentic Buggy tour of the Riviera Maya! A mix of authenticity, adventure, culture and above all fun! Departure every day at 9am and 2pm from our base located in Playa del Carmen. You will leave with our guide for a 4 hours excursion in the jungle and will drive a buggy for more than 2 \u00bd hours.\" \/>\n<meta property=\"og:url\" content=\"https:\/\/buggytourplaya.com\/fr\/termes-et-conditions-atv-tour-playa-del-carmen\/\" \/>\n<meta property=\"og:site_name\" content=\"Buggy Tour Playa del Carmen ATV Tour Riviera Maya\" \/>\n<meta property=\"article:publisher\" content=\"https:\/\/www.facebook.com\/buggytourplayadelcarmen\" \/>\n<meta property=\"article:modified_time\" content=\"2022-12-19T17:33:37+00:00\" \/>\n<meta property=\"og:image\" content=\"https:\/\/buggytourplaya.com\/wp-content\/uploads\/2022\/06\/buggy-tour-pdc-3-dark.jpeg\" \/>\n\t<meta property=\"og:image:width\" content=\"2000\" \/>\n\t<meta property=\"og:image:height\" content=\"1500\" \/>\n\t<meta property=\"og:image:type\" content=\"image\/jpeg\" \/>\n<meta name=\"twitter:card\" content=\"summary_large_image\" \/>\n<meta name=\"twitter:label1\" content=\"Dur\u00e9e de lecture estim\u00e9e\" \/>\n\t<meta name=\"twitter:data1\" content=\"1 minute\" \/>\n<script type=\"application\/ld+json\" class=\"yoast-schema-graph\">{\"@context\":\"https:\/\/schema.org\",\"@graph\":[{\"@type\":\"WebPage\",\"@id\":\"https:\/\/buggytourplaya.com\/fr\/termes-et-conditions-atv-tour-playa-del-carmen\/\",\"url\":\"https:\/\/buggytourplaya.com\/fr\/termes-et-conditions-atv-tour-playa-del-carmen\/\",\"name\":\"ATV Tour Playa del Carmen Buggy Tour Riviera Maya\",\"isPartOf\":{\"@id\":\"https:\/\/buggytourplaya.com\/#website\"},\"datePublished\":\"2022-07-05T17:59:08+00:00\",\"dateModified\":\"2022-12-19T17:33:37+00:00\",\"description\":\"The most authentic Buggy tour of the Riviera Maya! A mix of authenticity, adventure, culture and above all fun! Departure every day at 9am and 2pm from our base located in Playa del Carmen. You will leave with our guide for a 4 hours excursion in the jungle and will drive a buggy for more than 2 \u00bd hours.\",\"breadcrumb\":{\"@id\":\"https:\/\/buggytourplaya.com\/fr\/termes-et-conditions-atv-tour-playa-del-carmen\/#breadcrumb\"},\"inLanguage\":\"fr-FR\",\"potentialAction\":[{\"@type\":\"ReadAction\",\"target\":[\"https:\/\/buggytourplaya.com\/fr\/termes-et-conditions-atv-tour-playa-del-carmen\/\"]}]},{\"@type\":\"BreadcrumbList\",\"@id\":\"https:\/\/buggytourplaya.com\/fr\/termes-et-conditions-atv-tour-playa-del-carmen\/#breadcrumb\",\"itemListElement\":[{\"@type\":\"ListItem\",\"position\":1,\"name\":\"Home\",\"item\":\"https:\/\/buggytourplaya.com\/fr\/\"},{\"@type\":\"ListItem\",\"position\":2,\"name\":\"Termes et conditions\"}]},{\"@type\":\"WebSite\",\"@id\":\"https:\/\/buggytourplaya.com\/#website\",\"url\":\"https:\/\/buggytourplaya.com\/\",\"name\":\"Buggy Tour Playa del Carmen ATV Tour Riviera Maya\",\"description\":\"Do you want to live a unique experience with your family or friends?\",\"publisher\":{\"@id\":\"https:\/\/buggytourplaya.com\/#organization\"},\"potentialAction\":[{\"@type\":\"SearchAction\",\"target\":{\"@type\":\"EntryPoint\",\"urlTemplate\":\"https:\/\/buggytourplaya.com\/?s={search_term_string}\"},\"query-input\":\"required name=search_term_string\"}],\"inLanguage\":\"fr-FR\"},{\"@type\":\"Organization\",\"@id\":\"https:\/\/buggytourplaya.com\/#organization\",\"name\":\"Buggy Tour Playa del Carmen ATV Tour Riviera Maya\",\"url\":\"https:\/\/buggytourplaya.com\/\",\"logo\":{\"@type\":\"ImageObject\",\"inLanguage\":\"fr-FR\",\"@id\":\"https:\/\/buggytourplaya.com\/#\/schema\/logo\/image\/\",\"url\":\"https:\/\/buggytourplaya.com\/wp-content\/uploads\/2018\/06\/logo-buggy-tour.png\",\"contentUrl\":\"https:\/\/buggytourplaya.com\/wp-content\/uploads\/2018\/06\/logo-buggy-tour.png\",\"width\":250,\"height\":204,\"caption\":\"Buggy Tour Playa del Carmen ATV Tour Riviera Maya\"},\"image\":{\"@id\":\"https:\/\/buggytourplaya.com\/#\/schema\/logo\/image\/\"},\"sameAs\":[\"https:\/\/www.instagram.com\/buggytourplayadelcarmen\/\",\"https:\/\/www.tripadvisor.com.mx\/Attraction_Review-g150812-d4728943-Reviews-Buggy_Tour_Playa_del_Carmen-Playa_del_Carmen_Yucatan_Peninsula.html\",\"https:\/\/www.facebook.com\/buggytourplayadelcarmen\"]}]}<\/script>\n<!-- \/ Yoast SEO plugin. -->","yoast_head_json":{"title":"ATV Tour Playa del Carmen Buggy Tour Riviera Maya","description":"The most authentic Buggy tour of the Riviera Maya! A mix of authenticity, adventure, culture and above all fun! Departure every day at 9am and 2pm from our base located in Playa del Carmen. You will leave with our guide for a 4 hours excursion in the jungle and will drive a buggy for more than 2 \u00bd hours.","robots":{"index":"index","follow":"follow","max-snippet":"max-snippet:-1","max-image-preview":"max-image-preview:large","max-video-preview":"max-video-preview:-1"},"canonical":"https:\/\/buggytourplaya.com\/fr\/termes-et-conditions-atv-tour-playa-del-carmen\/","og_locale":"fr_FR","og_type":"article","og_title":"ATV Tour Playa del Carmen Buggy Tour Riviera Maya","og_description":"The most authentic Buggy tour of the Riviera Maya! A mix of authenticity, adventure, culture and above all fun! Departure every day at 9am and 2pm from our base located in Playa del Carmen. You will leave with our guide for a 4 hours excursion in the jungle and will drive a buggy for more than 2 \u00bd hours.","og_url":"https:\/\/buggytourplaya.com\/fr\/termes-et-conditions-atv-tour-playa-del-carmen\/","og_site_name":"Buggy Tour Playa del Carmen ATV Tour Riviera Maya","article_publisher":"https:\/\/www.facebook.com\/buggytourplayadelcarmen","article_modified_time":"2022-12-19T17:33:37+00:00","og_image":[{"width":2000,"height":1500,"url":"https:\/\/buggytourplaya.com\/wp-content\/uploads\/2022\/06\/buggy-tour-pdc-3-dark.jpeg","type":"image\/jpeg"}],"twitter_card":"summary_large_image","twitter_misc":{"Dur\u00e9e de lecture estim\u00e9e":"1 minute"},"schema":{"@context":"https:\/\/schema.org","@graph":[{"@type":"WebPage","@id":"https:\/\/buggytourplaya.com\/fr\/termes-et-conditions-atv-tour-playa-del-carmen\/","url":"https:\/\/buggytourplaya.com\/fr\/termes-et-conditions-atv-tour-playa-del-carmen\/","name":"ATV Tour Playa del Carmen Buggy Tour Riviera Maya","isPartOf":{"@id":"https:\/\/buggytourplaya.com\/#website"},"datePublished":"2022-07-05T17:59:08+00:00","dateModified":"2022-12-19T17:33:37+00:00","description":"The most authentic Buggy tour of the Riviera Maya! A mix of authenticity, adventure, culture and above all fun! Departure every day at 9am and 2pm from our base located in Playa del Carmen. You will leave with our guide for a 4 hours excursion in the jungle and will drive a buggy for more than 2 \u00bd hours.","breadcrumb":{"@id":"https:\/\/buggytourplaya.com\/fr\/termes-et-conditions-atv-tour-playa-del-carmen\/#breadcrumb"},"inLanguage":"fr-FR","potentialAction":[{"@type":"ReadAction","target":["https:\/\/buggytourplaya.com\/fr\/termes-et-conditions-atv-tour-playa-del-carmen\/"]}]},{"@type":"BreadcrumbList","@id":"https:\/\/buggytourplaya.com\/fr\/termes-et-conditions-atv-tour-playa-del-carmen\/#breadcrumb","itemListElement":[{"@type":"ListItem","position":1,"name":"Home","item":"https:\/\/buggytourplaya.com\/fr\/"},{"@type":"ListItem","position":2,"name":"Termes et conditions"}]},{"@type":"WebSite","@id":"https:\/\/buggytourplaya.com\/#website","url":"https:\/\/buggytourplaya.com\/","name":"Buggy Tour Playa del Carmen ATV Tour Riviera Maya","description":"Do you want to live a unique experience with your family or friends?","publisher":{"@id":"https:\/\/buggytourplaya.com\/#organization"},"potentialAction":[{"@type":"SearchAction","target":{"@type":"EntryPoint","urlTemplate":"https:\/\/buggytourplaya.com\/?s={search_term_string}"},"query-input":"required name=search_term_string"}],"inLanguage":"fr-FR"},{"@type":"Organization","@id":"https:\/\/buggytourplaya.com\/#organization","name":"Buggy Tour Playa del Carmen ATV Tour Riviera Maya","url":"https:\/\/buggytourplaya.com\/","logo":{"@type":"ImageObject","inLanguage":"fr-FR","@id":"https:\/\/buggytourplaya.com\/#\/schema\/logo\/image\/","url":"https:\/\/buggytourplaya.com\/wp-content\/uploads\/2018\/06\/logo-buggy-tour.png","contentUrl":"https:\/\/buggytourplaya.com\/wp-content\/uploads\/2018\/06\/logo-buggy-tour.png","width":250,"height":204,"caption":"Buggy Tour Playa del Carmen ATV Tour Riviera Maya"},"image":{"@id":"https:\/\/buggytourplaya.com\/#\/schema\/logo\/image\/"},"sameAs":["https:\/\/www.instagram.com\/buggytourplayadelcarmen\/","https:\/\/www.tripadvisor.com.mx\/Attraction_Review-g150812-d4728943-Reviews-Buggy_Tour_Playa_del_Carmen-Playa_del_Carmen_Yucatan_Peninsula.html","https:\/\/www.facebook.com\/buggytourplayadelcarmen"]}]}},"_links":{"self":[{"href":"https:\/\/buggytourplaya.com\/fr\/wp-json\/wp\/v2\/pages\/739"}],"collection":[{"href":"https:\/\/buggytourplaya.com\/fr\/wp-json\/wp\/v2\/pages"}],"about":[{"href":"https:\/\/buggytourplaya.com\/fr\/wp-json\/wp\/v2\/types\/page"}],"author":[{"embeddable":true,"href":"https:\/\/buggytourplaya.com\/fr\/wp-json\/wp\/v2\/users\/1"}],"replies":[{"embeddable":true,"href":"https:\/\/buggytourplaya.com\/fr\/wp-json\/wp\/v2\/comments?post=739"}],"version-history":[{"count":0,"href":"https:\/\/buggytourplaya.com\/fr\/wp-json\/wp\/v2\/pages\/739\/revisions"}],"wp:featuredmedia":[{"embeddable":true,"href":"https:\/\/buggytourplaya.com\/fr\/wp-json\/wp\/v2\/media\/683"}],"wp:attachment":[{"href":"https:\/\/buggytourplaya.com\/fr\/wp-json\/wp\/v2\/media?parent=739"}],"curies":[{"name":"wp","href":"https:\/\/api.w.org\/{rel}","templated":true}]}}