{"id":707,"date":"2022-07-04T14:14:04","date_gmt":"2022-07-04T19:14:04","guid":{"rendered":"https:\/\/buggytourplaya.com\/?page_id=707"},"modified":"2022-12-19T12:34:32","modified_gmt":"2022-12-19T17:34:32","slug":"terminos-y-condiciones-riviera-maya-buggy-tour","status":"publish","type":"page","link":"https:\/\/buggytourplaya.com\/es\/terminos-y-condiciones-riviera-maya-buggy-tour\/","title":{"rendered":"T\u00e9rminos y Condiciones"},"content":{"rendered":"<p>&nbsp;<\/p>\n<p><strong>POL\u00cdTICA DE CANCELACI\u00d3N<\/strong><\/p>\n<p>Aviso de cancelaci\u00f3n m\u00ednimo de 72 horas para reembolso completo. Aviso de 48 horas para reembolso del 50%.<br \/>\nNo hay reembolso dentro de las 24 horas de la hora del tour.<br \/>\nDebido a las tarifas cobradas por las empresas de procesamiento de tarjetas de cr\u00e9dito, se aplica una tarifa de reembolso de 10 USD a todas las cancelaciones.<\/p>\n<p><strong>NOTAS Y RESTRICCIONES<\/strong><\/p>\n<p>Edad m\u00ednima requerida 5 a\u00f1os<br \/>\nNo recomendado para mujer embarazada.<br \/>\nProtector solar, repelente de insectos, se recomienda calzado cerrado\/de punta<br \/>\nEste tour comienza y termina en Playa del Carmen<br \/>\nToallas<br \/>\nAlgo de efectivo para comprar souvenirs o ayudar a la comunidad maya<br \/>\nNo show no ser\u00e1 reembolsado<br \/>\nVerifique su correo electr\u00f3nico y la aplicaci\u00f3n Whats para conocer su hora de recogida 24 horas antes de la fecha del recorrido.<br \/>\nNo se permiten singles m\u00ednimo 2 personas por buggy 2 plazas<br \/>\nLas familias con ni\u00f1os sin carnet de conducir dispondr\u00e1n de nuestros buggies familiares.<br \/>\nTour guiado en ingl\u00e9s y espa\u00f1ol<br \/>\nSe requiere un m\u00ednimo de 6 personas para operar<br \/>\nGrupos hasta m\u00e1ximo 18 personas<br \/>\nRecogida en el hotel en ida y vuelta si se encuentra en nuestra zona de recogida gratuita<br \/>\nSeguro de cuerpo incluido<\/p>\n","protected":false},"excerpt":{"rendered":"<p>&nbsp; POL\u00cdTICA DE CANCELACI\u00d3N Aviso de cancelaci\u00f3n m\u00ednimo de 72 horas para reembolso completo. Aviso de 48 horas para reembolso del 50%. No hay reembolso dentro de las 24 horas de la hora del tour. Debido a las tarifas cobradas por las empresas de procesamiento de tarjetas de cr\u00e9dito, se aplica una tarifa de reembolso [&hellip;]<\/p>\n","protected":false},"author":1,"featured_media":445,"parent":0,"menu_order":0,"comment_status":"closed","ping_status":"closed","template":"","meta":[],"yoast_head":"<!-- This site is optimized with the Yoast SEO plugin v19.13 - https:\/\/yoast.com\/wordpress\/plugins\/seo\/ -->\n<title>ATV Tour Playa del Carmen Buggy Tour Riviera Maya<\/title>\n<meta name=\"description\" content=\"The most authentic Buggy tour of the Riviera Maya! A mix of authenticity, adventure, culture and above all fun! Departure every day at 9am and 2pm from our base located in Playa del Carmen. You will leave with our guide for a 4 hours excursion in the jungle and will drive a buggy for more than 2 \u00bd hours.\" \/>\n<meta name=\"robots\" content=\"index, follow, max-snippet:-1, max-image-preview:large, max-video-preview:-1\" \/>\n<link rel=\"canonical\" href=\"https:\/\/buggytourplaya.com\/es\/terminos-y-condiciones-riviera-maya-buggy-tour\/\" \/>\n<meta property=\"og:locale\" content=\"es_ES\" \/>\n<meta property=\"og:type\" content=\"article\" \/>\n<meta property=\"og:title\" content=\"ATV Tour Playa del Carmen Buggy Tour Riviera Maya\" \/>\n<meta property=\"og:description\" content=\"The most authentic Buggy tour of the Riviera Maya! A mix of authenticity, adventure, culture and above all fun! Departure every day at 9am and 2pm from our base located in Playa del Carmen. You will leave with our guide for a 4 hours excursion in the jungle and will drive a buggy for more than 2 \u00bd hours.\" \/>\n<meta property=\"og:url\" content=\"https:\/\/buggytourplaya.com\/es\/terminos-y-condiciones-riviera-maya-buggy-tour\/\" \/>\n<meta property=\"og:site_name\" content=\"Buggy Tour Playa del Carmen ATV Tour Riviera Maya\" \/>\n<meta property=\"article:publisher\" content=\"https:\/\/www.facebook.com\/buggytourplayadelcarmen\" \/>\n<meta property=\"article:modified_time\" content=\"2022-12-19T17:34:32+00:00\" \/>\n<meta property=\"og:image\" content=\"https:\/\/buggytourplaya.com\/wp-content\/uploads\/2022\/06\/buggy-tour-pdc-3-dark.jpeg\" \/>\n\t<meta property=\"og:image:width\" content=\"2000\" \/>\n\t<meta property=\"og:image:height\" content=\"1500\" \/>\n\t<meta property=\"og:image:type\" content=\"image\/jpeg\" \/>\n<meta name=\"twitter:card\" content=\"summary_large_image\" \/>\n<meta name=\"twitter:label1\" content=\"Tiempo de lectura\" \/>\n\t<meta name=\"twitter:data1\" content=\"1 minuto\" \/>\n<script type=\"application\/ld+json\" class=\"yoast-schema-graph\">{\"@context\":\"https:\/\/schema.org\",\"@graph\":[{\"@type\":\"WebPage\",\"@id\":\"https:\/\/buggytourplaya.com\/es\/terminos-y-condiciones-riviera-maya-buggy-tour\/\",\"url\":\"https:\/\/buggytourplaya.com\/es\/terminos-y-condiciones-riviera-maya-buggy-tour\/\",\"name\":\"ATV Tour Playa del Carmen Buggy Tour Riviera Maya\",\"isPartOf\":{\"@id\":\"https:\/\/buggytourplaya.com\/#website\"},\"datePublished\":\"2022-07-04T19:14:04+00:00\",\"dateModified\":\"2022-12-19T17:34:32+00:00\",\"description\":\"The most authentic Buggy tour of the Riviera Maya! A mix of authenticity, adventure, culture and above all fun! Departure every day at 9am and 2pm from our base located in Playa del Carmen. You will leave with our guide for a 4 hours excursion in the jungle and will drive a buggy for more than 2 \u00bd hours.\",\"breadcrumb\":{\"@id\":\"https:\/\/buggytourplaya.com\/es\/terminos-y-condiciones-riviera-maya-buggy-tour\/#breadcrumb\"},\"inLanguage\":\"es\",\"potentialAction\":[{\"@type\":\"ReadAction\",\"target\":[\"https:\/\/buggytourplaya.com\/es\/terminos-y-condiciones-riviera-maya-buggy-tour\/\"]}]},{\"@type\":\"BreadcrumbList\",\"@id\":\"https:\/\/buggytourplaya.com\/es\/terminos-y-condiciones-riviera-maya-buggy-tour\/#breadcrumb\",\"itemListElement\":[{\"@type\":\"ListItem\",\"position\":1,\"name\":\"Home\",\"item\":\"https:\/\/buggytourplaya.com\/es\/\"},{\"@type\":\"ListItem\",\"position\":2,\"name\":\"T\u00e9rminos y Condiciones\"}]},{\"@type\":\"WebSite\",\"@id\":\"https:\/\/buggytourplaya.com\/#website\",\"url\":\"https:\/\/buggytourplaya.com\/\",\"name\":\"Buggy Tour Playa del Carmen ATV Tour Riviera Maya\",\"description\":\"Do you want to live a unique experience with your family or friends?\",\"publisher\":{\"@id\":\"https:\/\/buggytourplaya.com\/#organization\"},\"potentialAction\":[{\"@type\":\"SearchAction\",\"target\":{\"@type\":\"EntryPoint\",\"urlTemplate\":\"https:\/\/buggytourplaya.com\/?s={search_term_string}\"},\"query-input\":\"required name=search_term_string\"}],\"inLanguage\":\"es\"},{\"@type\":\"Organization\",\"@id\":\"https:\/\/buggytourplaya.com\/#organization\",\"name\":\"Buggy Tour Playa del Carmen ATV Tour Riviera Maya\",\"url\":\"https:\/\/buggytourplaya.com\/\",\"logo\":{\"@type\":\"ImageObject\",\"inLanguage\":\"es\",\"@id\":\"https:\/\/buggytourplaya.com\/#\/schema\/logo\/image\/\",\"url\":\"https:\/\/buggytourplaya.com\/wp-content\/uploads\/2018\/06\/logo-buggy-tour.png\",\"contentUrl\":\"https:\/\/buggytourplaya.com\/wp-content\/uploads\/2018\/06\/logo-buggy-tour.png\",\"width\":250,\"height\":204,\"caption\":\"Buggy Tour Playa del Carmen ATV Tour Riviera Maya\"},\"image\":{\"@id\":\"https:\/\/buggytourplaya.com\/#\/schema\/logo\/image\/\"},\"sameAs\":[\"https:\/\/www.instagram.com\/buggytourplayadelcarmen\/\",\"https:\/\/www.tripadvisor.com.mx\/Attraction_Review-g150812-d4728943-Reviews-Buggy_Tour_Playa_del_Carmen-Playa_del_Carmen_Yucatan_Peninsula.html\",\"https:\/\/www.facebook.com\/buggytourplayadelcarmen\"]}]}<\/script>\n<!-- \/ Yoast SEO plugin. -->","yoast_head_json":{"title":"ATV Tour Playa del Carmen Buggy Tour Riviera Maya","description":"The most authentic Buggy tour of the Riviera Maya! A mix of authenticity, adventure, culture and above all fun! Departure every day at 9am and 2pm from our base located in Playa del Carmen. You will leave with our guide for a 4 hours excursion in the jungle and will drive a buggy for more than 2 \u00bd hours.","robots":{"index":"index","follow":"follow","max-snippet":"max-snippet:-1","max-image-preview":"max-image-preview:large","max-video-preview":"max-video-preview:-1"},"canonical":"https:\/\/buggytourplaya.com\/es\/terminos-y-condiciones-riviera-maya-buggy-tour\/","og_locale":"es_ES","og_type":"article","og_title":"ATV Tour Playa del Carmen Buggy Tour Riviera Maya","og_description":"The most authentic Buggy tour of the Riviera Maya! A mix of authenticity, adventure, culture and above all fun! Departure every day at 9am and 2pm from our base located in Playa del Carmen. You will leave with our guide for a 4 hours excursion in the jungle and will drive a buggy for more than 2 \u00bd hours.","og_url":"https:\/\/buggytourplaya.com\/es\/terminos-y-condiciones-riviera-maya-buggy-tour\/","og_site_name":"Buggy Tour Playa del Carmen ATV Tour Riviera Maya","article_publisher":"https:\/\/www.facebook.com\/buggytourplayadelcarmen","article_modified_time":"2022-12-19T17:34:32+00:00","og_image":[{"width":2000,"height":1500,"url":"https:\/\/buggytourplaya.com\/wp-content\/uploads\/2022\/06\/buggy-tour-pdc-3-dark.jpeg","type":"image\/jpeg"}],"twitter_card":"summary_large_image","twitter_misc":{"Tiempo de lectura":"1 minuto"},"schema":{"@context":"https:\/\/schema.org","@graph":[{"@type":"WebPage","@id":"https:\/\/buggytourplaya.com\/es\/terminos-y-condiciones-riviera-maya-buggy-tour\/","url":"https:\/\/buggytourplaya.com\/es\/terminos-y-condiciones-riviera-maya-buggy-tour\/","name":"ATV Tour Playa del Carmen Buggy Tour Riviera Maya","isPartOf":{"@id":"https:\/\/buggytourplaya.com\/#website"},"datePublished":"2022-07-04T19:14:04+00:00","dateModified":"2022-12-19T17:34:32+00:00","description":"The most authentic Buggy tour of the Riviera Maya! A mix of authenticity, adventure, culture and above all fun! Departure every day at 9am and 2pm from our base located in Playa del Carmen. You will leave with our guide for a 4 hours excursion in the jungle and will drive a buggy for more than 2 \u00bd hours.","breadcrumb":{"@id":"https:\/\/buggytourplaya.com\/es\/terminos-y-condiciones-riviera-maya-buggy-tour\/#breadcrumb"},"inLanguage":"es","potentialAction":[{"@type":"ReadAction","target":["https:\/\/buggytourplaya.com\/es\/terminos-y-condiciones-riviera-maya-buggy-tour\/"]}]},{"@type":"BreadcrumbList","@id":"https:\/\/buggytourplaya.com\/es\/terminos-y-condiciones-riviera-maya-buggy-tour\/#breadcrumb","itemListElement":[{"@type":"ListItem","position":1,"name":"Home","item":"https:\/\/buggytourplaya.com\/es\/"},{"@type":"ListItem","position":2,"name":"T\u00e9rminos y Condiciones"}]},{"@type":"WebSite","@id":"https:\/\/buggytourplaya.com\/#website","url":"https:\/\/buggytourplaya.com\/","name":"Buggy Tour Playa del Carmen ATV Tour Riviera Maya","description":"Do you want to live a unique experience with your family or friends?","publisher":{"@id":"https:\/\/buggytourplaya.com\/#organization"},"potentialAction":[{"@type":"SearchAction","target":{"@type":"EntryPoint","urlTemplate":"https:\/\/buggytourplaya.com\/?s={search_term_string}"},"query-input":"required name=search_term_string"}],"inLanguage":"es"},{"@type":"Organization","@id":"https:\/\/buggytourplaya.com\/#organization","name":"Buggy Tour Playa del Carmen ATV Tour Riviera Maya","url":"https:\/\/buggytourplaya.com\/","logo":{"@type":"ImageObject","inLanguage":"es","@id":"https:\/\/buggytourplaya.com\/#\/schema\/logo\/image\/","url":"https:\/\/buggytourplaya.com\/wp-content\/uploads\/2018\/06\/logo-buggy-tour.png","contentUrl":"https:\/\/buggytourplaya.com\/wp-content\/uploads\/2018\/06\/logo-buggy-tour.png","width":250,"height":204,"caption":"Buggy Tour Playa del Carmen ATV Tour Riviera Maya"},"image":{"@id":"https:\/\/buggytourplaya.com\/#\/schema\/logo\/image\/"},"sameAs":["https:\/\/www.instagram.com\/buggytourplayadelcarmen\/","https:\/\/www.tripadvisor.com.mx\/Attraction_Review-g150812-d4728943-Reviews-Buggy_Tour_Playa_del_Carmen-Playa_del_Carmen_Yucatan_Peninsula.html","https:\/\/www.facebook.com\/buggytourplayadelcarmen"]}]}},"_links":{"self":[{"href":"https:\/\/buggytourplaya.com\/es\/wp-json\/wp\/v2\/pages\/707"}],"collection":[{"href":"https:\/\/buggytourplaya.com\/es\/wp-json\/wp\/v2\/pages"}],"about":[{"href":"https:\/\/buggytourplaya.com\/es\/wp-json\/wp\/v2\/types\/page"}],"author":[{"embeddable":true,"href":"https:\/\/buggytourplaya.com\/es\/wp-json\/wp\/v2\/users\/1"}],"replies":[{"embeddable":true,"href":"https:\/\/buggytourplaya.com\/es\/wp-json\/wp\/v2\/comments?post=707"}],"version-history":[{"count":0,"href":"https:\/\/buggytourplaya.com\/es\/wp-json\/wp\/v2\/pages\/707\/revisions"}],"wp:featuredmedia":[{"embeddable":true,"href":"https:\/\/buggytourplaya.com\/es\/wp-json\/wp\/v2\/media\/445"}],"wp:attachment":[{"href":"https:\/\/buggytourplaya.com\/es\/wp-json\/wp\/v2\/media?parent=707"}],"curies":[{"name":"wp","href":"https:\/\/api.w.org\/{rel}","templated":true}]}}